

{"id":83,"date":"2018-12-11T12:40:37","date_gmt":"2018-12-11T12:40:37","guid":{"rendered":"https:\/\/serveur.slv-valbonne.fr\/blog\/?page_id=83"},"modified":"2020-09-20T14:27:18","modified_gmt":"2020-09-20T12:27:18","slug":"musique","status":"publish","type":"page","link":"https:\/\/serveur.slv-valbonne.fr\/blog\/musique\/","title":{"rendered":"Musique"},"content":{"rendered":"<p>Local de r\u00e9p\u00e9tition<\/p>\n<div id=\"m_-7726090172462788809yui_3_16_0_ym19_1_1502441970606_6477\" class=\"_3-91 _1579 img\">Le local g\u00e9r\u00e9 par l\u2019association SLV est situ\u00e9 \u00e0 la ferme Bermond ( en face de la gendarmerie de Garbeja\u00efre) Valbonne Sophia Antipolis.<\/div>\n<div><\/div>\n<div id=\"m_-7726090172462788809yui_3_16_0_ym19_1_1502441970606_6478\"><strong><em>Le local est \u00e9quip\u00e9 du mat\u00e9riel suivant :<br \/>\n<\/em><\/strong><\/div>\n<div><\/div>\n<ul>\n<li style=\"list-style-type: none;\">\n<ul>\n<li>Ampli guitare fender, roland et hugues&amp;kettner<\/li>\n<li>2enceintes basse peavey et 1 t\u00eate peavey7<\/li>\n<li>1 batterie compl\u00e8te yamaha avec cymbales<\/li>\n<li>1 table mackie 8 pistes, 2 enceintes mackie amplifi\u00e9es et 1 caisson basse wharfedale<\/li>\n<li>stand clavier avec expandeur<\/li>\n<li>2 micros sennheiser<\/li>\n<\/ul>\n<\/li>\n<\/ul>\n<div id=\"m_-7726090172462788809yui_3_16_0_ym19_1_1502441970606_6485\">\u00a0Nous mettrons en place \u00e9galement r\u00e9guli\u00e8rement des master class avec des musiciens confirm\u00e9s (\u00a0 \u00a0Maxime Zampieri, Bunny Brunel, Cyril Attef\u2026 sont d\u00e9j\u00e0 pass\u00e9s vous rencontrer dans le local.)<\/div>\n<div id=\"m_-7726090172462788809yui_3_16_0_ym19_1_1502441970606_6487\">\u00a0Nous soutenons aussi et toujours les groupes avec l\u2019aide \u00e0 l\u2019organisation de concert, la location de\u00a0 \u00a0petit mat\u00e9riel\u2026<\/div>\n<p>L\u2019acc\u00e8s \u00e0 ce local est ouvert \u00e0 toute personne ayant sign\u00e9 une convention d\u2019utilisation aupr\u00e8s de\u00a0 \u00a0l\u2019association.<\/p>\n<p><strong>Les Tarifs :<\/strong><\/p>\n<p>La participation financi\u00e8re \u00e0 l\u2019entretien du mat\u00e9riel est fix\u00e9 \u00e0 5\u20ac de l\u2019heure,<\/p>\n<p>soit \u00a0:<\/p>\n<ul>\n<li style=\"list-style-type: none;\">\n<ul>\n<li style=\"list-style-type: none;\">\n<ul>\n<li>1 heure par semaine d\u2019utilisation\u00a0 pour 20\u20ac par mois<\/li>\n<li>2 heures par semaine d\u2019utilisation pour 40\u20ac par mois<\/li>\n<li>3 heures par semaine d\u2019utilisation pour 60\u20ac par mois<\/li>\n<li>4 heures par semaine d\u2019utilisation pour 80\u20ac par mois<\/li>\n<\/ul>\n<\/li>\n<\/ul>\n<\/li>\n<\/ul>\n<p>Pour les groupes du local il est possible d\u2019enregistrer une maquette\u00a0comprenant trois titres num\u00e9riques\u00a0pour un tarif de 30\u20ac . Le coordinateur de l\u2019association est charg\u00e9 de r\u00e9colter les sources sonores en direct ou en quatre pistes et de les transf\u00e9rer sur support audio (aucun d\u00e9lai de temps ne pourra \u00eatre exig\u00e9 par les groupes pour cette r\u00e9alisation).<\/p>\n<div class=\"_2wzd\"><img decoding=\"async\" class=\"_3-91 _1579 img\" src=\"https:\/\/static.xx.fbcdn.net\/rsrc.php\/v3\/y5\/r\/b1oBucHUO1S.png\" alt=\"Highlights info row image\" \/> rue de la Vigne Haute, La Ferme Bermond, BP 109<br \/>\n06560 Valbonne<\/div>\n<div><\/div>\n\n        <div id=\"map_ol3js_1\"\n             class=\"map undefined\"\n             data-map_name=\"undefined\"\n             data-map=\"map_ol3js_1\"\n             style=\"width:100%;\n                    max-width:100%;\n                    height:450px;\n                    display:block;\n                    overflow:hidden;\n                    border:2px solid grey;\">\n          <div id=\"map_ol3js_1_popup\" class=\"ol-popup\">\n            <a href=\"#\" id=\"map_ol3js_1_popup-closer\" class=\"ol-popup-closer\"><\/a>\n            <div id=\"map_ol3js_1_popup-content\"><\/div>\n          <\/div>\n        <\/div>\n    \n\n\t\t\t\t<script type=\"text\/javascript\">\n\t\t\t\t\ttranslations['openlayer'] = \"open layer\";\n\t\t\t\t\ttranslations['openlayerAtStartup'] = \"open layer at startup\";\n\t\t\t\t\ttranslations['generateLink'] = \"link to this map with opened layers\";\n\t\t\t\t\ttranslations['shortDescription'] = \"short description\";\n\t\t\t\t\ttranslations['generatedShortCode'] = \"to get a text control link paste this code in your wordpress editor\";\n\t\t\t\t\ttranslations['closeLayer'] = \"close layer\";\n\t\t\t\t\ttranslations['cantGenerateLink'] = \"put this string in the existing map short code to control this map\";\n\t\t\t  <\/script>\n\n\n\t\t\t  <script type=\"text\/javascript\">\n\t\t\t  vectorM['map_ol3js_1'] = [];\n\t        \n        var raster = getTileLayer(\"osm\",\"NoKey\");\t\t\t\n\n\t\t\t  var map_ol3js_1 = new ol.Map({\n\t\t\t\tinteractions: ol.interaction.defaults.defaults({mouseWheelZoom:false}),\n\t\t\t\tlayers: [raster],\n\t\t\t\ttarget: \"map_ol3js_1\",\n\t\t\t\tview: new ol.View({\n\t\t\t\t  center: ol.proj.transform([7.0448,43.6233], \"EPSG:4326\", \"EPSG:3857\"),\n\t\t\t\t  zoom: 16\n\t\t\t\t})\n\t\t\t  });\n\t\t\t  osm_addMarkerLayer(map_ol3js_1,7.0441,43.6229,\"https:\/\/serveur.slv-valbonne.fr\/blog\/wp-content\/plugins\/osm\/icons\/mic_blue_pinother_02.png\",-16,-41,\"<p><\/p>\") ; \naddControls2Map(map_ol3js_1,0,0,3,0,5,6,7,0,1);\nosm_addPopupClickhandler(map_ol3js_1,  \"map_ol3js_1\"); \nosm_addMouseHover(map_ol3js_1); <\/script>\n<div id=\"m_-7726090172462788809yui_3_16_0_ym19_1_1502441970606_6477\"><\/div>\n<p><a href=\"http:\/\/www.slv-valbonne.fr\/local-repetition\/\">sur notre site officiel<\/a><\/p>\n<p>&nbsp;<\/p>\n<p><a href=\"https:\/\/serveur.slv-valbonne.fr\/nextcloud\/s\/9w2J22cCZTrLMsH\">Quelques Photos\u00a0 du local \u00e0 la ferme bermond<\/a><\/p>\n","protected":false},"excerpt":{"rendered":"<p>Local de r\u00e9p\u00e9tition Le local g\u00e9r\u00e9 par l\u2019association SLV est situ\u00e9 \u00e0 la ferme Bermond ( en face de la gendarmerie de Garbeja\u00efre) Valbonne Sophia Antipolis. Le local est \u00e9quip\u00e9 &hellip; <\/p>\n<p class=\"link-more\"><a href=\"https:\/\/serveur.slv-valbonne.fr\/blog\/musique\/\" class=\"more-link\">Continuer la lecture<span class=\"screen-reader-text\"> de &laquo;&nbsp;Musique&nbsp;&raquo;<\/span><\/a><\/p>\n","protected":false},"author":1,"featured_media":0,"parent":0,"menu_order":0,"comment_status":"closed","ping_status":"closed","template":"","meta":{"_bbp_topic_count":0,"_bbp_reply_count":0,"_bbp_total_topic_count":0,"_bbp_total_reply_count":0,"_bbp_voice_count":0,"_bbp_anonymous_reply_count":0,"_bbp_topic_count_hidden":0,"_bbp_reply_count_hidden":0,"_bbp_forum_subforum_count":0,"footnotes":""},"class_list":["post-83","page","type-page","status-publish","hentry"],"_links":{"self":[{"href":"https:\/\/serveur.slv-valbonne.fr\/blog\/wp-json\/wp\/v2\/pages\/83","targetHints":{"allow":["GET"]}}],"collection":[{"href":"https:\/\/serveur.slv-valbonne.fr\/blog\/wp-json\/wp\/v2\/pages"}],"about":[{"href":"https:\/\/serveur.slv-valbonne.fr\/blog\/wp-json\/wp\/v2\/types\/page"}],"author":[{"embeddable":true,"href":"https:\/\/serveur.slv-valbonne.fr\/blog\/wp-json\/wp\/v2\/users\/1"}],"replies":[{"embeddable":true,"href":"https:\/\/serveur.slv-valbonne.fr\/blog\/wp-json\/wp\/v2\/comments?post=83"}],"version-history":[{"count":8,"href":"https:\/\/serveur.slv-valbonne.fr\/blog\/wp-json\/wp\/v2\/pages\/83\/revisions"}],"predecessor-version":[{"id":312,"href":"https:\/\/serveur.slv-valbonne.fr\/blog\/wp-json\/wp\/v2\/pages\/83\/revisions\/312"}],"wp:attachment":[{"href":"https:\/\/serveur.slv-valbonne.fr\/blog\/wp-json\/wp\/v2\/media?parent=83"}],"curies":[{"name":"wp","href":"https:\/\/api.w.org\/{rel}","templated":true}]}}