{"id":236,"date":"2019-04-09T08:07:55","date_gmt":"2019-04-09T06:07:55","guid":{"rendered":"https:\/\/serveur.slv-valbonne.fr\/blog\/?page_id=236"},"modified":"2019-04-22T19:16:07","modified_gmt":"2019-04-22T17:16:07","slug":"slvtv","status":"publish","type":"page","link":"https:\/\/serveur.slv-valbonne.fr\/blog\/slvtv\/","title":{"rendered":"SLVtv"},"content":{"rendered":"<p><a href=\"https:\/\/slvtv.fr\"><img loading=\"lazy\" decoding=\"async\" class=\"alignnone size-full wp-image-229\" src=\"https:\/\/serveur.slv-valbonne.fr\/blog\/wp-content\/uploads\/2019\/02\/slvtv.png\" alt=\"\" width=\"120\" height=\"120\" srcset=\"https:\/\/serveur.slv-valbonne.fr\/blog\/wp-content\/uploads\/2019\/02\/slvtv.png 120w, https:\/\/serveur.slv-valbonne.fr\/blog\/wp-content\/uploads\/2019\/02\/slvtv-100x100.png 100w\" sizes=\"auto, (max-width: 120px) 100vw, 120px\" \/><\/a><\/p>\n<p>L&rsquo;association Sophia Loisirs &amp; Vie a inaugur\u00e9 le lancement de la WebTv locale SLVTV le 5 avril 2019 de 17h \u00e0 19h au cyberkiosc H\u00f4tel de Ville de Valbonne.<\/p>\n<p>reportage de <a href=\"https:\/\/pleinsudtv.com\">PleinSudTV<\/a> :<\/p>\n<p><iframe loading=\"lazy\" src=\"https:\/\/peertube.serveur.slv-valbonne.fr\/videos\/embed\/f4e28bcf-bce4-417c-9293-44698baddaa1\" width=\"560\" height=\"315\" frameborder=\"0\" sandbox=\"allow-same-origin allow-scripts\" allowfullscreen=\"allowfullscreen\"><\/iframe><\/p>\n<p>&nbsp;<\/p>\n<p>Appuy\u00e9 par l&rsquo;association Sophia Loisirs et Vie, avec des ateliers \u00e0 venir de montage vid\u00e9o avec et du mat\u00e9riel vid\u00e9o semi professionnel; SlvTv sera ce que vous d\u00e9ciderez d&rsquo;en faire.<\/p>\n<p>Vous pourrez prendre en main votre envie de communication vid\u00e9o personnelle ou associative avec un budget symbolique.<\/p>\n<p><strong>C&rsquo;est quoi slvtv ?<\/strong><\/p>\n<p><iframe loading=\"lazy\" src=\"https:\/\/peertube.serveur.slv-valbonne.fr\/videos\/embed\/b9fd4975-8aa7-4674-b937-a2ca611c80fc\" width=\"560\" height=\"315\" frameborder=\"0\" sandbox=\"allow-same-origin allow-scripts\" allowfullscreen=\"allowfullscreen\"><\/iframe><\/p>\n<p><a href=\"https:\/\/serveur.slv-valbonne.fr\/dokuwiki\/doku.php?id=slvpublic:slvtv\">Plus d&rsquo;info sur notre wiki\u00a0<\/a><\/p>\n<p>le logo officiel de slvtv a \u00e9t\u00e9 r\u00e9alis\u00e9 par V\u00e9ronique Friti\u00e8re.<\/p>\n","protected":false},"excerpt":{"rendered":"<p>L&rsquo;association Sophia Loisirs &amp; Vie a inaugur\u00e9 le lancement de la WebTv locale SLVTV le 5 avril 2019 de 17h \u00e0 19h au cyberkiosc H\u00f4tel de Ville de Valbonne. reportage &hellip; <\/p>\n<p class=\"link-more\"><a href=\"https:\/\/serveur.slv-valbonne.fr\/blog\/slvtv\/\" class=\"more-link\">Continuer la lecture<span class=\"screen-reader-text\"> de &laquo;&nbsp;SLVtv&nbsp;&raquo;<\/span><\/a><\/p>\n","protected":false},"author":9,"featured_media":0,"parent":0,"menu_order":0,"comment_status":"open","ping_status":"open","template":"","meta":{"_bbp_topic_count":0,"_bbp_reply_count":0,"_bbp_total_topic_count":0,"_bbp_total_reply_count":0,"_bbp_voice_count":0,"_bbp_anonymous_reply_count":0,"_bbp_topic_count_hidden":0,"_bbp_reply_count_hidden":0,"_bbp_forum_subforum_count":0,"footnotes":""},"class_list":["post-236","page","type-page","status-publish","hentry"],"_links":{"self":[{"href":"https:\/\/serveur.slv-valbonne.fr\/blog\/wp-json\/wp\/v2\/pages\/236","targetHints":{"allow":["GET"]}}],"collection":[{"href":"https:\/\/serveur.slv-valbonne.fr\/blog\/wp-json\/wp\/v2\/pages"}],"about":[{"href":"https:\/\/serveur.slv-valbonne.fr\/blog\/wp-json\/wp\/v2\/types\/page"}],"author":[{"embeddable":true,"href":"https:\/\/serveur.slv-valbonne.fr\/blog\/wp-json\/wp\/v2\/users\/9"}],"replies":[{"embeddable":true,"href":"https:\/\/serveur.slv-valbonne.fr\/blog\/wp-json\/wp\/v2\/comments?post=236"}],"version-history":[{"count":4,"href":"https:\/\/serveur.slv-valbonne.fr\/blog\/wp-json\/wp\/v2\/pages\/236\/revisions"}],"predecessor-version":[{"id":243,"href":"https:\/\/serveur.slv-valbonne.fr\/blog\/wp-json\/wp\/v2\/pages\/236\/revisions\/243"}],"wp:attachment":[{"href":"https:\/\/serveur.slv-valbonne.fr\/blog\/wp-json\/wp\/v2\/media?parent=236"}],"curies":[{"name":"wp","href":"https:\/\/api.w.org\/{rel}","templated":true}]}}