{"id":182,"date":"2019-03-04T21:51:52","date_gmt":"2019-03-04T20:51:52","guid":{"rendered":"https:\/\/serveur.slv-valbonne.fr\/blog\/?page_id=182"},"modified":"2019-03-04T22:50:11","modified_gmt":"2019-03-04T21:50:11","slug":"tolerance-2-0","status":"publish","type":"page","link":"https:\/\/serveur.slv-valbonne.fr\/blog\/actions\/tolerance-2-0\/","title":{"rendered":"Tol\u00e9rance 2.0"},"content":{"rendered":"<p><iframe loading=\"lazy\" src=\"https:\/\/peertube.serveur.slv-valbonne.fr\/videos\/embed\/686462e4-fe28-4a79-ada7-034aa98877be\" width=\"560\" height=\"315\" frameborder=\"0\" sandbox=\"allow-same-origin allow-scripts\" allowfullscreen=\"allowfullscreen\"><\/iframe><\/p>\n<p><strong> voir le site internet : <a href=\"https:\/\/tolerance2.fr\">ici<\/a><\/strong><\/p>\n<p>Le projet \u00ab\u00a0Tol\u00e9rance 2.0\u2033 a \u00e9t\u00e9 mis en place par l\u2019association SLV pour permettre :<\/p>\n<p>-Amener \u00e0 avoir une r\u00e9flexion approfondie sur les enjeux \u00ab du vivre ensemble\u00a0\u00bb, de la tol\u00e9rance, du respect, du lien social.<\/p>\n<p>-Adapter le livre de l\u2019auteur.<\/p>\n<p>-Proposer l\u2019enregistrement et la cr\u00e9ation de productions des jeunes pour une diffusion sur diff\u00e9rents r\u00e9seaux sociaux.<\/p>\n<p>Extrait du livre de Mme Ibn Ziaten \u00ab\u00a0Dis nous Latifa, c\u2019est quoi la tol\u00e9rance\u00a0\u00bb<\/p>\n<blockquote><p>\u00ab Viens, mon fr\u00e8re, je te ram\u00e8ne avec moi \u00e0 la mosqu\u00e9e, \u00e7a va te faire du bien. Tu vas entendre les mots de Dieu. \u00c7a va te soulager. [\u2026] Mais il ne parle pas Arabe, il ne comprend pas ce que dit l\u2019imam [\u2026]. Alors il cherche ailleurs, le nouvel imam qu\u2019il trouve. C\u2019est Internet \u00bb Dis-nous, Latifa, c\u2019est quoi la tol\u00e9rance (page 23) \u300aQu\u2019est-ce que c\u2019est que la R\u00e9publique ? [\u2026] Pour moi la R\u00e9publique, c\u2019est s\u2019aimer comme on est, m\u00eame si on est diff\u00e9rents.\u300b [\u2026. ] \u300a Tout \u00e0 fait. On doit respecter tout le monde, quelle que soit sa couleur ou sa religion. M\u00eame celui qui est ath\u00e9e on le respecte, parce que c\u2019est son choix. Et c\u2019est \u00e7a le vivre-ensemble. \u300b Ibidem (page 53) \u300aC\u2019est pour \u00e7a que je suis l\u00e0 aujourd\u2019hui. Pour vous r\u00e9veiller. Pour vous montrer la force que l\u2019on peut avoir. Prenez confiance en vous. Travaillez, r\u00e9ussissez. D\u00e9marrez votre moteur. Si vous ne le faites pas, personne ne le fera \u00e0 votre place.\u300bIbidem p.77<\/p><\/blockquote>\n<p>Avec l\u2019aide et les pr\u00e9cieux conseils de Mme Ibn Ziaten et l\u2019association \u00a0\u00bb IMAD association pour la jeunesse et la paix\u00a0\u00bb<\/p>\n<p>Bas\u00e9 sur les livres de Madame Ibn Ziaten \u00ab\u00a0Dis nous Latifa, c\u2019est quoi la tol\u00e9rance\u00a0\u00bb et \u00a0\u00bb le trait\u00e9 sur la tol\u00e9rance\u00a0\u00bb de Monsieur Voltaire.<\/p>\n<p><a href=\"https:\/\/peertube.serveur.slv-valbonne.fr\/video-channels\/tolerance2.0\/videos\"><strong>Cha\u00eene Tol\u00e9rance 2.0 sur notre serveur de vid\u00e9os<\/strong><\/a><\/p>\n","protected":false},"excerpt":{"rendered":"<p>voir le site internet : ici Le projet \u00ab\u00a0Tol\u00e9rance 2.0\u2033 a \u00e9t\u00e9 mis en place par l\u2019association SLV pour permettre : -Amener \u00e0 avoir une r\u00e9flexion approfondie sur les enjeux &hellip; <\/p>\n<p class=\"link-more\"><a href=\"https:\/\/serveur.slv-valbonne.fr\/blog\/actions\/tolerance-2-0\/\" class=\"more-link\">Continuer la lecture<span class=\"screen-reader-text\"> de &laquo;&nbsp;Tol\u00e9rance 2.0&nbsp;&raquo;<\/span><\/a><\/p>\n","protected":false},"author":1,"featured_media":0,"parent":180,"menu_order":0,"comment_status":"closed","ping_status":"closed","template":"","meta":{"_bbp_topic_count":0,"_bbp_reply_count":0,"_bbp_total_topic_count":0,"_bbp_total_reply_count":0,"_bbp_voice_count":0,"_bbp_anonymous_reply_count":0,"_bbp_topic_count_hidden":0,"_bbp_reply_count_hidden":0,"_bbp_forum_subforum_count":0,"footnotes":""},"class_list":["post-182","page","type-page","status-publish","hentry"],"_links":{"self":[{"href":"https:\/\/serveur.slv-valbonne.fr\/blog\/wp-json\/wp\/v2\/pages\/182","targetHints":{"allow":["GET"]}}],"collection":[{"href":"https:\/\/serveur.slv-valbonne.fr\/blog\/wp-json\/wp\/v2\/pages"}],"about":[{"href":"https:\/\/serveur.slv-valbonne.fr\/blog\/wp-json\/wp\/v2\/types\/page"}],"author":[{"embeddable":true,"href":"https:\/\/serveur.slv-valbonne.fr\/blog\/wp-json\/wp\/v2\/users\/1"}],"replies":[{"embeddable":true,"href":"https:\/\/serveur.slv-valbonne.fr\/blog\/wp-json\/wp\/v2\/comments?post=182"}],"version-history":[{"count":3,"href":"https:\/\/serveur.slv-valbonne.fr\/blog\/wp-json\/wp\/v2\/pages\/182\/revisions"}],"predecessor-version":[{"id":187,"href":"https:\/\/serveur.slv-valbonne.fr\/blog\/wp-json\/wp\/v2\/pages\/182\/revisions\/187"}],"up":[{"embeddable":true,"href":"https:\/\/serveur.slv-valbonne.fr\/blog\/wp-json\/wp\/v2\/pages\/180"}],"wp:attachment":[{"href":"https:\/\/serveur.slv-valbonne.fr\/blog\/wp-json\/wp\/v2\/media?parent=182"}],"curies":[{"name":"wp","href":"https:\/\/api.w.org\/{rel}","templated":true}]}}