{"id":121,"date":"2018-12-14T10:16:37","date_gmt":"2018-12-14T10:16:37","guid":{"rendered":"https:\/\/serveur.slv-valbonne.fr\/blog\/?page_id=121"},"modified":"2019-02-17T11:24:38","modified_gmt":"2019-02-17T10:24:38","slug":"activites","status":"publish","type":"page","link":"https:\/\/serveur.slv-valbonne.fr\/blog\/activites\/","title":{"rendered":"Activit\u00e9s"},"content":{"rendered":"<p>Activit\u00e9s propos\u00e9es par SLV.<\/p>\n<p>&nbsp;<\/p>\n<p>Cette page n&rsquo;est pour l&rsquo;instant pas exhaustive.<\/p>\n","protected":false},"excerpt":{"rendered":"<p>Activit\u00e9s propos\u00e9es par SLV. &nbsp; Cette page n&rsquo;est pour l&rsquo;instant pas exhaustive.<\/p>\n","protected":false},"author":1,"featured_media":0,"parent":0,"menu_order":0,"comment_status":"closed","ping_status":"closed","template":"","meta":{"_bbp_topic_count":0,"_bbp_reply_count":0,"_bbp_total_topic_count":0,"_bbp_total_reply_count":0,"_bbp_voice_count":0,"_bbp_anonymous_reply_count":0,"_bbp_topic_count_hidden":0,"_bbp_reply_count_hidden":0,"_bbp_forum_subforum_count":0,"footnotes":""},"class_list":["post-121","page","type-page","status-publish","hentry"],"_links":{"self":[{"href":"https:\/\/serveur.slv-valbonne.fr\/blog\/wp-json\/wp\/v2\/pages\/121","targetHints":{"allow":["GET"]}}],"collection":[{"href":"https:\/\/serveur.slv-valbonne.fr\/blog\/wp-json\/wp\/v2\/pages"}],"about":[{"href":"https:\/\/serveur.slv-valbonne.fr\/blog\/wp-json\/wp\/v2\/types\/page"}],"author":[{"embeddable":true,"href":"https:\/\/serveur.slv-valbonne.fr\/blog\/wp-json\/wp\/v2\/users\/1"}],"replies":[{"embeddable":true,"href":"https:\/\/serveur.slv-valbonne.fr\/blog\/wp-json\/wp\/v2\/comments?post=121"}],"version-history":[{"count":2,"href":"https:\/\/serveur.slv-valbonne.fr\/blog\/wp-json\/wp\/v2\/pages\/121\/revisions"}],"predecessor-version":[{"id":148,"href":"https:\/\/serveur.slv-valbonne.fr\/blog\/wp-json\/wp\/v2\/pages\/121\/revisions\/148"}],"wp:attachment":[{"href":"https:\/\/serveur.slv-valbonne.fr\/blog\/wp-json\/wp\/v2\/media?parent=121"}],"curies":[{"name":"wp","href":"https:\/\/api.w.org\/{rel}","templated":true}]}}