

{"id":11,"date":"2018-09-24T18:36:38","date_gmt":"2018-09-24T18:36:38","guid":{"rendered":"https:\/\/serveur.slv-valbonne.fr\/blog\/?page_id=11"},"modified":"2020-09-28T21:54:07","modified_gmt":"2020-09-28T19:54:07","slug":"une-section-de-page-daccueil","status":"publish","type":"page","link":"https:\/\/serveur.slv-valbonne.fr\/blog\/une-section-de-page-daccueil\/","title":{"rendered":"Le cyberkiosc"},"content":{"rendered":"<p>Sous la Mairie de Valbonne, L\u2019association SLV vous accueille dans son E.P.N. (Espace Public Num\u00e9rique).<\/p>\n<p>Le Cyberkiosc est un lieu d\u2019acc\u00e8s public \u00e0 Internet qui propose un accompagnement \u2013 individuel ou collectif \u2013 pour l\u2019apprentissage des outils et usages du multim\u00e9dia.<\/p>\n<p>L\u2019\u00e9quipe de m\u00e9diateurs num\u00e9riques se fera un plaisir de vous initier \u00e0 la culture multim\u00e9dia, en vous permettant de vous approprier le vocabulaire et les outils ad\u00e9quats pour la pratique de l\u2019informatique en toute autonomie.<\/p>\n<p>L\u2019\u00e9quipe anime des ateliers tablettes &amp; smartphones, booste ta m\u00e9moire, initiation \u00e0 la mod\u00e9lisation 3D pour imprimer les objets du quotidien : pi\u00e8ces de jeu d\u2019\u00e9checs, figurines, boutons de four, pattes de clavier, etc.<\/p>\n<p><strong>Horaires d\u2019ouverture <\/strong>: (Accompagnement individuel sur rendez-vous !)<strong><br \/>\n<\/strong><\/p>\n<ul>\n<li>Lundi \u2013 Mardi \u2013 Jeudi : 9h \u2013 12h30 \/ 13h30 \u2013 17h<\/li>\n<li>Mercredi : 10h \u2013 12h30 \/ 13h30 \u2013 17h<\/li>\n<li>Vendredi : 9h \u2013 12h<\/li>\n<\/ul>\n<p>&nbsp;<\/p>\n<p><a href=\"https:\/\/peertube.serveur.slv-valbonne.fr\/videos\/embed\/1aae531c-f153-4ca9-9e6c-3af534aa1b84\">https:\/\/peertube.serveur.slv-valbonne.fr\/videos\/embed\/1aae531c-f153-4ca9-9e6c-3af534aa1b84<\/a><\/p>\n<p>Possibilit\u00e9 de prendre contact avec nos m\u00e9diateurs num\u00e9riques.<\/p>\n<p><a href=\"http:\/\/www.slv-valbonne.fr\/pole-cyberkiosc\/\">Sur notre site officiel<\/a><\/p>\n<p><a href=\"https:\/\/serveur.slv-valbonne.fr\/dokuwiki\/doku.php?id=slvpartage:cyberkiosc\">Sur notre wiki<\/a><\/p>\n\n        <div id=\"map_ol3js_1\"\n             class=\"map undefined\"\n             data-map_name=\"undefined\"\n             data-map=\"map_ol3js_1\"\n             style=\"width:100%;\n                    max-width:100%;\n                    height:450px;\n                    display:block;\n                    overflow:hidden;\n                    border:2px solid grey;\">\n          <div id=\"map_ol3js_1_popup\" class=\"ol-popup\">\n            <a href=\"#\" id=\"map_ol3js_1_popup-closer\" class=\"ol-popup-closer\"><\/a>\n            <div id=\"map_ol3js_1_popup-content\"><\/div>\n          <\/div>\n        <\/div>\n    \n\n\t\t\t\t<script type=\"text\/javascript\">\n\t\t\t\t\ttranslations['openlayer'] = \"open layer\";\n\t\t\t\t\ttranslations['openlayerAtStartup'] = \"open layer at startup\";\n\t\t\t\t\ttranslations['generateLink'] = \"link to this map with opened layers\";\n\t\t\t\t\ttranslations['shortDescription'] = \"short description\";\n\t\t\t\t\ttranslations['generatedShortCode'] = \"to get a text control link paste this code in your wordpress editor\";\n\t\t\t\t\ttranslations['closeLayer'] = \"close layer\";\n\t\t\t\t\ttranslations['cantGenerateLink'] = \"put this string in the existing map short code to control this map\";\n\t\t\t  <\/script>\n\n\n\t\t\t  <script type=\"text\/javascript\">\n\t\t\t  vectorM['map_ol3js_1'] = [];\n\t        \n        var raster = getTileLayer(\"osm\",\"NoKey\");\t\t\t\n\n\t\t\t  var map_ol3js_1 = new ol.Map({\n\t\t\t\tinteractions: ol.interaction.defaults.defaults({mouseWheelZoom:false}),\n\t\t\t\tlayers: [raster],\n\t\t\t\ttarget: \"map_ol3js_1\",\n\t\t\t\tview: new ol.View({\n\t\t\t\t  center: ol.proj.transform([7.0080,43.6411], \"EPSG:4326\", \"EPSG:3857\"),\n\t\t\t\t  zoom: 17\n\t\t\t\t})\n\t\t\t  });\n\t\t\t  osm_addMarkerLayer(map_ol3js_1,7.0074,43.64,\"https:\/\/serveur.slv-valbonne.fr\/blog\/wp-content\/plugins\/osm\/icons\/mic_blue_empty_01.png\",-16,-41,\"<p> <b><\/b> <\/p>\") ; \naddControls2Map(map_ol3js_1,0,0,3,0,5,6,7,0,1);\nosm_addPopupClickhandler(map_ol3js_1,  \"map_ol3js_1\"); \nosm_addMouseHover(map_ol3js_1); <\/script>\n","protected":false},"excerpt":{"rendered":"<p>Sous la Mairie de Valbonne, L\u2019association SLV vous accueille dans son E.P.N. (Espace Public Num\u00e9rique). Le Cyberkiosc est un lieu d\u2019acc\u00e8s public \u00e0 Internet qui propose un accompagnement \u2013 individuel &hellip; <\/p>\n<p class=\"link-more\"><a href=\"https:\/\/serveur.slv-valbonne.fr\/blog\/une-section-de-page-daccueil\/\" class=\"more-link\">Continuer la lecture<span class=\"screen-reader-text\"> de &laquo;&nbsp;Le cyberkiosc&nbsp;&raquo;<\/span><\/a><\/p>\n","protected":false},"author":1,"featured_media":15,"parent":0,"menu_order":0,"comment_status":"closed","ping_status":"closed","template":"","meta":{"_bbp_topic_count":0,"_bbp_reply_count":0,"_bbp_total_topic_count":0,"_bbp_total_reply_count":0,"_bbp_voice_count":0,"_bbp_anonymous_reply_count":0,"_bbp_topic_count_hidden":0,"_bbp_reply_count_hidden":0,"_bbp_forum_subforum_count":0,"footnotes":""},"class_list":["post-11","page","type-page","status-publish","has-post-thumbnail","hentry"],"_links":{"self":[{"href":"https:\/\/serveur.slv-valbonne.fr\/blog\/wp-json\/wp\/v2\/pages\/11","targetHints":{"allow":["GET"]}}],"collection":[{"href":"https:\/\/serveur.slv-valbonne.fr\/blog\/wp-json\/wp\/v2\/pages"}],"about":[{"href":"https:\/\/serveur.slv-valbonne.fr\/blog\/wp-json\/wp\/v2\/types\/page"}],"author":[{"embeddable":true,"href":"https:\/\/serveur.slv-valbonne.fr\/blog\/wp-json\/wp\/v2\/users\/1"}],"replies":[{"embeddable":true,"href":"https:\/\/serveur.slv-valbonne.fr\/blog\/wp-json\/wp\/v2\/comments?post=11"}],"version-history":[{"count":16,"href":"https:\/\/serveur.slv-valbonne.fr\/blog\/wp-json\/wp\/v2\/pages\/11\/revisions"}],"predecessor-version":[{"id":332,"href":"https:\/\/serveur.slv-valbonne.fr\/blog\/wp-json\/wp\/v2\/pages\/11\/revisions\/332"}],"wp:featuredmedia":[{"embeddable":true,"href":"https:\/\/serveur.slv-valbonne.fr\/blog\/wp-json\/wp\/v2\/media\/15"}],"wp:attachment":[{"href":"https:\/\/serveur.slv-valbonne.fr\/blog\/wp-json\/wp\/v2\/media?parent=11"}],"curies":[{"name":"wp","href":"https:\/\/api.w.org\/{rel}","templated":true}]}}