{"id":104,"date":"2018-12-13T09:04:24","date_gmt":"2018-12-13T09:04:24","guid":{"rendered":"https:\/\/serveur.slv-valbonne.fr\/blog\/?page_id=104"},"modified":"2018-12-13T19:29:55","modified_gmt":"2018-12-13T19:29:55","slug":"le-coin-des-parents","status":"publish","type":"page","link":"https:\/\/serveur.slv-valbonne.fr\/blog\/le-coin-des-parents\/","title":{"rendered":"Le Coin des Parents"},"content":{"rendered":"<p>Les questions des parents.<\/p>\n<p>Pour poser une question, utilisez les commentaires de cette page. Les commentaires sont mod\u00e9r\u00e9s et n&rsquo;appara\u00eetrons qu&rsquo;apr\u00e8s mod\u00e9ration.<br \/>\nIl n&rsquo;y a pas de garantie dans le d\u00e9lai de mod\u00e9ration.<\/p>\n<p>Si vous ne d\u00e9sirez pas que votre question apparaisse mais recevoir une r\u00e9ponse par mail, indiquez bien votre mail et indiquez que vous d\u00e9sirez une r\u00e9ponse priv\u00e9e.<\/p>\n<p>Si vous d\u00e9sirez enregistrer une question publique sans mod\u00e9ration \u00e0 priori alors vous pouvez ajouter votre question directement sur <a href=\"https:\/\/serveur.slv-valbonne.fr\/dokuwiki\/doku.php?id=slvpublic:questionsdeparents\">la page publique de notre wiki d\u00e9di\u00e9e<\/a>.<\/p>\n","protected":false},"excerpt":{"rendered":"<p>Les questions des parents. Pour poser une question, utilisez les commentaires de cette page. Les commentaires sont mod\u00e9r\u00e9s et n&rsquo;appara\u00eetrons qu&rsquo;apr\u00e8s mod\u00e9ration. Il n&rsquo;y a pas de garantie dans le &hellip; <\/p>\n<p class=\"link-more\"><a href=\"https:\/\/serveur.slv-valbonne.fr\/blog\/le-coin-des-parents\/\" class=\"more-link\">Continuer la lecture<span class=\"screen-reader-text\"> de &laquo;&nbsp;Le Coin des Parents&nbsp;&raquo;<\/span><\/a><\/p>\n","protected":false},"author":1,"featured_media":0,"parent":0,"menu_order":0,"comment_status":"open","ping_status":"closed","template":"","meta":{"_bbp_topic_count":0,"_bbp_reply_count":0,"_bbp_total_topic_count":0,"_bbp_total_reply_count":0,"_bbp_voice_count":0,"_bbp_anonymous_reply_count":0,"_bbp_topic_count_hidden":0,"_bbp_reply_count_hidden":0,"_bbp_forum_subforum_count":0,"footnotes":""},"class_list":["post-104","page","type-page","status-publish","hentry"],"_links":{"self":[{"href":"https:\/\/serveur.slv-valbonne.fr\/blog\/wp-json\/wp\/v2\/pages\/104","targetHints":{"allow":["GET"]}}],"collection":[{"href":"https:\/\/serveur.slv-valbonne.fr\/blog\/wp-json\/wp\/v2\/pages"}],"about":[{"href":"https:\/\/serveur.slv-valbonne.fr\/blog\/wp-json\/wp\/v2\/types\/page"}],"author":[{"embeddable":true,"href":"https:\/\/serveur.slv-valbonne.fr\/blog\/wp-json\/wp\/v2\/users\/1"}],"replies":[{"embeddable":true,"href":"https:\/\/serveur.slv-valbonne.fr\/blog\/wp-json\/wp\/v2\/comments?post=104"}],"version-history":[{"count":5,"href":"https:\/\/serveur.slv-valbonne.fr\/blog\/wp-json\/wp\/v2\/pages\/104\/revisions"}],"predecessor-version":[{"id":114,"href":"https:\/\/serveur.slv-valbonne.fr\/blog\/wp-json\/wp\/v2\/pages\/104\/revisions\/114"}],"wp:attachment":[{"href":"https:\/\/serveur.slv-valbonne.fr\/blog\/wp-json\/wp\/v2\/media?parent=104"}],"curies":[{"name":"wp","href":"https:\/\/api.w.org\/{rel}","templated":true}]}}